{"id":815,"date":"2022-06-01T17:05:34","date_gmt":"2022-06-01T17:05:34","guid":{"rendered":"https:\/\/limpiezaescarlata.com\/?post_type=product&#038;p=815"},"modified":"2026-02-23T19:56:37","modified_gmt":"2026-02-23T19:56:37","slug":"limpiador-multiusos-manzana-canela","status":"publish","type":"product","link":"https:\/\/limpiezaescarlata.com\/?product=limpiador-multiusos-manzana-canela","title":{"rendered":"Limpiador Multiusos"},"content":{"rendered":"<p>Es un limpiador y aromatizante y bacteriost\u00e1tico que elimina los malos olores y las bacterias causantes de los mismos;\u00a0 formulado especialmente para \u00e1reas de trabajo, salas de espera, sanitarios y en cualquier \u00e1rea donde se requiera un aroma agradable.<\/p>\n","protected":false},"excerpt":{"rendered":"<p>Es un limpiador y aromatizante Manzana-Canela y bacteriost\u00e1tico que elimina los malos olores y las bacterias causantes de los mismos;\u00a0 formulado especialmente para \u00e1reas de trabajo, salas de espera, sanitarios y en cualquier \u00e1rea donde se requiera un aroma agradable.<\/p>\n","protected":false},"featured_media":821,"comment_status":"open","ping_status":"closed","template":"","meta":{"site-sidebar-layout":"default","site-content-layout":"default","ast-site-content-layout":"default","site-content-style":"default","site-sidebar-style":"default","ast-global-header-display":"","ast-banner-title-visibility":"","ast-main-header-display":"","ast-hfb-above-header-display":"","ast-hfb-below-header-display":"","ast-hfb-mobile-header-display":"","site-post-title":"","ast-breadcrumbs-content":"","ast-featured-img":"","footer-sml-layout":"","ast-disable-related-posts":"","theme-transparent-header-meta":"default","adv-header-id-meta":"","stick-header-meta":"","header-above-stick-meta":"","header-main-stick-meta":"","header-below-stick-meta":"","astra-migrate-meta-layouts":"set","ast-page-background-enabled":"default","ast-page-background-meta":{"desktop":{"background-color":"","background-image":"","background-repeat":"repeat","background-position":"center center","background-size":"auto","background-attachment":"scroll","background-type":"","background-media":"","overlay-type":"","overlay-color":"","overlay-opacity":"","overlay-gradient":""},"tablet":{"background-color":"","background-image":"","background-repeat":"repeat","background-position":"center center","background-size":"auto","background-attachment":"scroll","background-type":"","background-media":"","overlay-type":"","overlay-color":"","overlay-opacity":"","overlay-gradient":""},"mobile":{"background-color":"","background-image":"","background-repeat":"repeat","background-position":"center center","background-size":"auto","background-attachment":"scroll","background-type":"","background-media":"","overlay-type":"","overlay-color":"","overlay-opacity":"","overlay-gradient":""}},"ast-content-background-meta":{"desktop":{"background-color":"var(--ast-global-color-5)","background-image":"","background-repeat":"repeat","background-position":"center center","background-size":"auto","background-attachment":"scroll","background-type":"","background-media":"","overlay-type":"","overlay-color":"","overlay-opacity":"","overlay-gradient":""},"tablet":{"background-color":"var(--ast-global-color-5)","background-image":"","background-repeat":"repeat","background-position":"center center","background-size":"auto","background-attachment":"scroll","background-type":"","background-media":"","overlay-type":"","overlay-color":"","overlay-opacity":"","overlay-gradient":""},"mobile":{"background-color":"var(--ast-global-color-5)","background-image":"","background-repeat":"repeat","background-position":"center center","background-size":"auto","background-attachment":"scroll","background-type":"","background-media":"","overlay-type":"","overlay-color":"","overlay-opacity":"","overlay-gradient":""}}},"product_brand":[],"product_cat":[20],"product_tag":[],"class_list":{"0":"post-815","1":"product","2":"type-product","3":"status-publish","4":"has-post-thumbnail","6":"product_cat-sin-categorizar","7":"desktop-align-left","8":"tablet-align-left","9":"mobile-align-left","11":"first","12":"instock","13":"shipping-taxable","14":"purchasable","15":"product-type-variable"},"yoast_head":"<!-- This site is optimized with the Yoast SEO plugin v27.3 - https:\/\/yoast.com\/product\/yoast-seo-wordpress\/ -->\n<title>Limpiador Multiusos - LUNA ESCARLATA<\/title>\n<meta name=\"description\" content=\"Es un limpiador y aromatizante Manzana-Canela y bacteriost\u00e1tico que elimina los malos olores y las bacterias causantes de los mismos; formulado especialmente para \u00e1reas de trabajo, salas de espera, sanitarios y en cualquier \u00e1rea donde se requiera un aroma agradable.\" \/>\n<meta name=\"robots\" content=\"index, follow, max-snippet:-1, max-image-preview:large, max-video-preview:-1\" \/>\n<link rel=\"canonical\" href=\"https:\/\/limpiezaescarlata.com\/?product=limpiador-multiusos-manzana-canela\" \/>\n<meta property=\"og:locale\" content=\"es_MX\" \/>\n<meta property=\"og:type\" content=\"article\" \/>\n<meta property=\"og:title\" content=\"Limpiador Multiusos - LUNA ESCARLATA\" \/>\n<meta property=\"og:description\" content=\"Es un limpiador y aromatizante Manzana-Canela y bacteriost\u00e1tico que elimina los malos olores y las bacterias causantes de los mismos; formulado especialmente para \u00e1reas de trabajo, salas de espera, sanitarios y en cualquier \u00e1rea donde se requiera un aroma agradable.\" \/>\n<meta property=\"og:url\" content=\"https:\/\/limpiezaescarlata.com\/?product=limpiador-multiusos-manzana-canela\" \/>\n<meta property=\"og:site_name\" content=\"LUNA ESCARLATA\" \/>\n<meta property=\"article:publisher\" content=\"https:\/\/www.facebook.com\/LIMPIEZAESCARLATA\/\" \/>\n<meta property=\"article:modified_time\" content=\"2026-02-23T19:56:37+00:00\" \/>\n<meta property=\"og:image\" content=\"https:\/\/limpiezaescarlata.com\/wp-content\/uploads\/2022\/06\/AROMATIZANTE.png\" \/>\n\t<meta property=\"og:image:width\" content=\"3464\" \/>\n\t<meta property=\"og:image:height\" content=\"3464\" \/>\n\t<meta property=\"og:image:type\" content=\"image\/png\" \/>\n<meta name=\"twitter:card\" content=\"summary_large_image\" \/>\n<meta name=\"twitter:label1\" content=\"Tiempo de lectura\" \/>\n\t<meta name=\"twitter:data1\" content=\"1 minuto\" \/>\n<script type=\"application\/ld+json\" class=\"yoast-schema-graph\">{\"@context\":\"https:\\\/\\\/schema.org\",\"@graph\":[{\"@type\":\"WebPage\",\"@id\":\"https:\\\/\\\/limpiezaescarlata.com\\\/?product=limpiador-multiusos-manzana-canela\",\"url\":\"https:\\\/\\\/limpiezaescarlata.com\\\/?product=limpiador-multiusos-manzana-canela\",\"name\":\"Limpiador Multiusos - LUNA ESCARLATA\",\"isPartOf\":{\"@id\":\"https:\\\/\\\/limpiezaescarlata.com\\\/#website\"},\"primaryImageOfPage\":{\"@id\":\"https:\\\/\\\/limpiezaescarlata.com\\\/?product=limpiador-multiusos-manzana-canela#primaryimage\"},\"image\":{\"@id\":\"https:\\\/\\\/limpiezaescarlata.com\\\/?product=limpiador-multiusos-manzana-canela#primaryimage\"},\"thumbnailUrl\":\"https:\\\/\\\/limpiezaescarlata.com\\\/wp-content\\\/uploads\\\/2022\\\/06\\\/AROMATIZANTE.png\",\"datePublished\":\"2022-06-01T17:05:34+00:00\",\"dateModified\":\"2026-02-23T19:56:37+00:00\",\"description\":\"Es un limpiador y aromatizante Manzana-Canela y bacteriost\u00e1tico que elimina los malos olores y las bacterias causantes de los mismos; formulado especialmente para \u00e1reas de trabajo, salas de espera, sanitarios y en cualquier \u00e1rea donde se requiera un aroma agradable.\",\"breadcrumb\":{\"@id\":\"https:\\\/\\\/limpiezaescarlata.com\\\/?product=limpiador-multiusos-manzana-canela#breadcrumb\"},\"inLanguage\":\"es\",\"potentialAction\":[{\"@type\":\"ReadAction\",\"target\":[\"https:\\\/\\\/limpiezaescarlata.com\\\/?product=limpiador-multiusos-manzana-canela\"]}]},{\"@type\":\"ImageObject\",\"inLanguage\":\"es\",\"@id\":\"https:\\\/\\\/limpiezaescarlata.com\\\/?product=limpiador-multiusos-manzana-canela#primaryimage\",\"url\":\"https:\\\/\\\/limpiezaescarlata.com\\\/wp-content\\\/uploads\\\/2022\\\/06\\\/AROMATIZANTE.png\",\"contentUrl\":\"https:\\\/\\\/limpiezaescarlata.com\\\/wp-content\\\/uploads\\\/2022\\\/06\\\/AROMATIZANTE.png\",\"width\":3464,\"height\":3464},{\"@type\":\"BreadcrumbList\",\"@id\":\"https:\\\/\\\/limpiezaescarlata.com\\\/?product=limpiador-multiusos-manzana-canela#breadcrumb\",\"itemListElement\":[{\"@type\":\"ListItem\",\"position\":1,\"name\":\"Inicio\",\"item\":\"https:\\\/\\\/limpiezaescarlata.com\\\/\"},{\"@type\":\"ListItem\",\"position\":2,\"name\":\"Tienda\",\"item\":\"https:\\\/\\\/limpiezaescarlata.com\\\/?page_id=260\"},{\"@type\":\"ListItem\",\"position\":3,\"name\":\"Limpiador Multiusos\"}]},{\"@type\":\"WebSite\",\"@id\":\"https:\\\/\\\/limpiezaescarlata.com\\\/#website\",\"url\":\"https:\\\/\\\/limpiezaescarlata.com\\\/\",\"name\":\"LUNA ESCARLATA\",\"description\":\"Servicios de limpieza\",\"publisher\":{\"@id\":\"https:\\\/\\\/limpiezaescarlata.com\\\/#organization\"},\"potentialAction\":[{\"@type\":\"SearchAction\",\"target\":{\"@type\":\"EntryPoint\",\"urlTemplate\":\"https:\\\/\\\/limpiezaescarlata.com\\\/?s={search_term_string}\"},\"query-input\":{\"@type\":\"PropertyValueSpecification\",\"valueRequired\":true,\"valueName\":\"search_term_string\"}}],\"inLanguage\":\"es\"},{\"@type\":\"Organization\",\"@id\":\"https:\\\/\\\/limpiezaescarlata.com\\\/#organization\",\"name\":\"LUNA ESCARLATA\",\"url\":\"https:\\\/\\\/limpiezaescarlata.com\\\/\",\"logo\":{\"@type\":\"ImageObject\",\"inLanguage\":\"es\",\"@id\":\"https:\\\/\\\/limpiezaescarlata.com\\\/#\\\/schema\\\/logo\\\/image\\\/\",\"url\":\"https:\\\/\\\/limpiezaescarlata.com\\\/wp-content\\\/uploads\\\/2020\\\/06\\\/cropped-luna-esmeralda-pepe.png\",\"contentUrl\":\"https:\\\/\\\/limpiezaescarlata.com\\\/wp-content\\\/uploads\\\/2020\\\/06\\\/cropped-luna-esmeralda-pepe.png\",\"width\":763,\"height\":510,\"caption\":\"LUNA ESCARLATA\"},\"image\":{\"@id\":\"https:\\\/\\\/limpiezaescarlata.com\\\/#\\\/schema\\\/logo\\\/image\\\/\"},\"sameAs\":[\"https:\\\/\\\/www.facebook.com\\\/LIMPIEZAESCARLATA\\\/\",\"https:\\\/\\\/www.instagram.com\\\/limpieza_escarlata\\\/\"]}]}<\/script>\n<!-- \/ Yoast SEO plugin. -->","yoast_head_json":{"title":"Limpiador Multiusos - LUNA ESCARLATA","description":"Es un limpiador y aromatizante Manzana-Canela y bacteriost\u00e1tico que elimina los malos olores y las bacterias causantes de los mismos; formulado especialmente para \u00e1reas de trabajo, salas de espera, sanitarios y en cualquier \u00e1rea donde se requiera un aroma agradable.","robots":{"index":"index","follow":"follow","max-snippet":"max-snippet:-1","max-image-preview":"max-image-preview:large","max-video-preview":"max-video-preview:-1"},"canonical":"https:\/\/limpiezaescarlata.com\/?product=limpiador-multiusos-manzana-canela","og_locale":"es_MX","og_type":"article","og_title":"Limpiador Multiusos - LUNA ESCARLATA","og_description":"Es un limpiador y aromatizante Manzana-Canela y bacteriost\u00e1tico que elimina los malos olores y las bacterias causantes de los mismos; formulado especialmente para \u00e1reas de trabajo, salas de espera, sanitarios y en cualquier \u00e1rea donde se requiera un aroma agradable.","og_url":"https:\/\/limpiezaescarlata.com\/?product=limpiador-multiusos-manzana-canela","og_site_name":"LUNA ESCARLATA","article_publisher":"https:\/\/www.facebook.com\/LIMPIEZAESCARLATA\/","article_modified_time":"2026-02-23T19:56:37+00:00","og_image":[{"width":3464,"height":3464,"url":"https:\/\/limpiezaescarlata.com\/wp-content\/uploads\/2022\/06\/AROMATIZANTE.png","type":"image\/png"}],"twitter_card":"summary_large_image","twitter_misc":{"Tiempo de lectura":"1 minuto"},"schema":{"@context":"https:\/\/schema.org","@graph":[{"@type":"WebPage","@id":"https:\/\/limpiezaescarlata.com\/?product=limpiador-multiusos-manzana-canela","url":"https:\/\/limpiezaescarlata.com\/?product=limpiador-multiusos-manzana-canela","name":"Limpiador Multiusos - LUNA ESCARLATA","isPartOf":{"@id":"https:\/\/limpiezaescarlata.com\/#website"},"primaryImageOfPage":{"@id":"https:\/\/limpiezaescarlata.com\/?product=limpiador-multiusos-manzana-canela#primaryimage"},"image":{"@id":"https:\/\/limpiezaescarlata.com\/?product=limpiador-multiusos-manzana-canela#primaryimage"},"thumbnailUrl":"https:\/\/limpiezaescarlata.com\/wp-content\/uploads\/2022\/06\/AROMATIZANTE.png","datePublished":"2022-06-01T17:05:34+00:00","dateModified":"2026-02-23T19:56:37+00:00","description":"Es un limpiador y aromatizante Manzana-Canela y bacteriost\u00e1tico que elimina los malos olores y las bacterias causantes de los mismos; formulado especialmente para \u00e1reas de trabajo, salas de espera, sanitarios y en cualquier \u00e1rea donde se requiera un aroma agradable.","breadcrumb":{"@id":"https:\/\/limpiezaescarlata.com\/?product=limpiador-multiusos-manzana-canela#breadcrumb"},"inLanguage":"es","potentialAction":[{"@type":"ReadAction","target":["https:\/\/limpiezaescarlata.com\/?product=limpiador-multiusos-manzana-canela"]}]},{"@type":"ImageObject","inLanguage":"es","@id":"https:\/\/limpiezaescarlata.com\/?product=limpiador-multiusos-manzana-canela#primaryimage","url":"https:\/\/limpiezaescarlata.com\/wp-content\/uploads\/2022\/06\/AROMATIZANTE.png","contentUrl":"https:\/\/limpiezaescarlata.com\/wp-content\/uploads\/2022\/06\/AROMATIZANTE.png","width":3464,"height":3464},{"@type":"BreadcrumbList","@id":"https:\/\/limpiezaescarlata.com\/?product=limpiador-multiusos-manzana-canela#breadcrumb","itemListElement":[{"@type":"ListItem","position":1,"name":"Inicio","item":"https:\/\/limpiezaescarlata.com\/"},{"@type":"ListItem","position":2,"name":"Tienda","item":"https:\/\/limpiezaescarlata.com\/?page_id=260"},{"@type":"ListItem","position":3,"name":"Limpiador Multiusos"}]},{"@type":"WebSite","@id":"https:\/\/limpiezaescarlata.com\/#website","url":"https:\/\/limpiezaescarlata.com\/","name":"LUNA ESCARLATA","description":"Servicios de limpieza","publisher":{"@id":"https:\/\/limpiezaescarlata.com\/#organization"},"potentialAction":[{"@type":"SearchAction","target":{"@type":"EntryPoint","urlTemplate":"https:\/\/limpiezaescarlata.com\/?s={search_term_string}"},"query-input":{"@type":"PropertyValueSpecification","valueRequired":true,"valueName":"search_term_string"}}],"inLanguage":"es"},{"@type":"Organization","@id":"https:\/\/limpiezaescarlata.com\/#organization","name":"LUNA ESCARLATA","url":"https:\/\/limpiezaescarlata.com\/","logo":{"@type":"ImageObject","inLanguage":"es","@id":"https:\/\/limpiezaescarlata.com\/#\/schema\/logo\/image\/","url":"https:\/\/limpiezaescarlata.com\/wp-content\/uploads\/2020\/06\/cropped-luna-esmeralda-pepe.png","contentUrl":"https:\/\/limpiezaescarlata.com\/wp-content\/uploads\/2020\/06\/cropped-luna-esmeralda-pepe.png","width":763,"height":510,"caption":"LUNA ESCARLATA"},"image":{"@id":"https:\/\/limpiezaescarlata.com\/#\/schema\/logo\/image\/"},"sameAs":["https:\/\/www.facebook.com\/LIMPIEZAESCARLATA\/","https:\/\/www.instagram.com\/limpieza_escarlata\/"]}]}},"_links":{"self":[{"href":"https:\/\/limpiezaescarlata.com\/index.php?rest_route=\/wp\/v2\/product\/815","targetHints":{"allow":["GET"]}}],"collection":[{"href":"https:\/\/limpiezaescarlata.com\/index.php?rest_route=\/wp\/v2\/product"}],"about":[{"href":"https:\/\/limpiezaescarlata.com\/index.php?rest_route=\/wp\/v2\/types\/product"}],"replies":[{"embeddable":true,"href":"https:\/\/limpiezaescarlata.com\/index.php?rest_route=%2Fwp%2Fv2%2Fcomments&post=815"}],"wp:featuredmedia":[{"embeddable":true,"href":"https:\/\/limpiezaescarlata.com\/index.php?rest_route=\/wp\/v2\/media\/821"}],"wp:attachment":[{"href":"https:\/\/limpiezaescarlata.com\/index.php?rest_route=%2Fwp%2Fv2%2Fmedia&parent=815"}],"wp:term":[{"taxonomy":"product_brand","embeddable":true,"href":"https:\/\/limpiezaescarlata.com\/index.php?rest_route=%2Fwp%2Fv2%2Fproduct_brand&post=815"},{"taxonomy":"product_cat","embeddable":true,"href":"https:\/\/limpiezaescarlata.com\/index.php?rest_route=%2Fwp%2Fv2%2Fproduct_cat&post=815"},{"taxonomy":"product_tag","embeddable":true,"href":"https:\/\/limpiezaescarlata.com\/index.php?rest_route=%2Fwp%2Fv2%2Fproduct_tag&post=815"}],"curies":[{"name":"wp","href":"https:\/\/api.w.org\/{rel}","templated":true}]}}