{"id":95,"date":"2020-06-23T16:12:43","date_gmt":"2020-06-23T16:12:43","guid":{"rendered":"https:\/\/limpiezaescarlata.com\/?page_id=95"},"modified":"2021-09-21T23:02:53","modified_gmt":"2021-09-21T23:02:53","slug":"aviso-de-privacidad","status":"publish","type":"page","link":"https:\/\/limpiezaescarlata.com\/?page_id=95","title":{"rendered":"Aviso de Privacidad"},"content":{"rendered":"\t\t<div data-elementor-type=\"wp-page\" data-elementor-id=\"95\" class=\"elementor elementor-95\">\n\t\t\t\t\t\t<section class=\"elementor-section elementor-top-section elementor-element elementor-element-30dc567c elementor-section-content-middle elementor-section-boxed elementor-section-height-default elementor-section-height-default\" data-id=\"30dc567c\" data-element_type=\"section\" data-e-type=\"section\">\n\t\t\t\t\t\t<div class=\"elementor-container elementor-column-gap-no\">\n\t\t\t\t\t<div class=\"elementor-column elementor-col-100 elementor-top-column elementor-element elementor-element-6c951c7d\" data-id=\"6c951c7d\" data-element_type=\"column\" data-e-type=\"column\">\n\t\t\t<div class=\"elementor-widget-wrap elementor-element-populated\">\n\t\t\t\t\t\t<div class=\"elementor-element elementor-element-afbb675 elementor-widget elementor-widget-heading\" data-id=\"afbb675\" data-element_type=\"widget\" data-e-type=\"widget\" data-widget_type=\"heading.default\">\n\t\t\t\t<div class=\"elementor-widget-container\">\n\t\t\t\t\t<h2 class=\"elementor-heading-title elementor-size-default\">AVISO DE PRIVACIDAD<\/h2>\t\t\t\t<\/div>\n\t\t\t\t<\/div>\n\t\t\t\t<div class=\"elementor-element elementor-element-28237a5a elementor-widget elementor-widget-text-editor\" data-id=\"28237a5a\" data-element_type=\"widget\" data-e-type=\"widget\" data-widget_type=\"text-editor.default\">\n\t\t\t\t<div class=\"elementor-widget-container\">\n\t\t\t\t\t\t\t\t\t<div class=\"elementor-element elementor-element-404a10ee elementor-widget elementor-widget-heading\" data-id=\"404a10ee\" data-element_type=\"widget\" data-widget_type=\"heading.default\">\n<div class=\"elementor-widget-container\">\n<h4 class=\"elementor-heading-title elementor-size-default\">&nbsp;<\/h4>\n<\/div>\n<\/div>\n<div class=\"elementor-element elementor-element-1ee0f4d6 elementor-widget elementor-widget-text-editor\" data-id=\"1ee0f4d6\" data-element_type=\"widget\" data-widget_type=\"text-editor.default\">\n<div class=\"elementor-widget-container\">\n<div class=\"elementor-text-editor elementor-clearfix\">\n<p>Servicios de Limpieza Luna Escarlata S.A. de C.V., con domicilio: Paseo Hacienda de Echegaray #40,&nbsp; Colonia bosques de Echegaray, Naucalpan de Ju\u00e1rez, Edo. M\u00e9xico, CP. 53310, ser\u00e1 responsable de los datos personales recabados, as\u00ed como su protecci\u00f3n y el uso que se le d\u00e9. Esta informaci\u00f3n ser\u00e1 utilizada para proveer los servicios y\/o productos que ha solicitado.<\/p>\n<p>La informaci\u00f3n que usted proporcione de forma libre y voluntariamente por este medio&nbsp; o de manera personal tienen como finalidad cumplir con los compromisos adquiridos para la prestaci\u00f3n de nuestros servicios de limpieza, as\u00ed como la compra de productos qu\u00edmicos de limpieza los cuales se mencionan a continuaci\u00f3n de manera enunciativa mas no limitativa: limpieza general y profunda, barrido, trapeado, desempolvar, uso de herramienta para pulido de \u00e1reas, gel antibacterial , cloro, jab\u00f3n de trastes, limpiador de pisos, etc, para llevar a cabo esto requerimos de un conjunto de datos de comunicaci\u00f3n como son de manera enunciativa mas no limitativa: N\u00famero Telef\u00f3nico fijo y m\u00f3vil, Nombre o Raz\u00f3n Social, Domicilio Fiscal, Correo Electr\u00f3nico, y para los procedimientos para la atracci\u00f3n de talento, se puede agregar intereses personales, formaci\u00f3n profesional o acad\u00e9mica, experiencia laboral, as\u00ed como referencias personales con fines de consulta por parte de Servicios de Limpieza Luna Escarlata S.A de C.V. e incluso datos personales sensibles, en tal caso se obtendr\u00e1 consentimiento expreso y por escrito.<\/p>\n<p>Si por alg\u00fan motivo no se cuenta con esta informaci\u00f3n no estar\u00edamos en posibilidad de proporcionar nuestros servicios profesionales.<\/p>\n<p>Al recolectar datos personales nos respaldamos por lo que dicta la Ley (art\u00edculo 6): los principios de licitud, consentimiento, informaci\u00f3n, calidad, finalidad, lealtad, proporcionalidad y responsabilidad.<\/p>\n<p>La informaci\u00f3n personal que se nos proporcione jam\u00e1s ser\u00e1 divulgados ni compartidos con terceros (no habr\u00e1 transferencia comercial de datos), no se les dar\u00e1 un uso distinto al se\u00f1alado anteriormente, salvo que sea mediante un cambio en este Aviso de Privacidad. No obstante, Servicios de Limpieza Luna Escarlata S.A. de C.V. podr\u00e1 contratar uno o varios terceros externos como proveedores de servicios seleccionados para manejar y administrar los datos personales que se recaban a trav\u00e9s de este (siempre bajo nuestro control del uso que se le otorgue a esa informaci\u00f3n conforme al presente aviso), en ning\u00fan caso comercializaremos, venderemos o rentaremos datos personales sobre usted a un tercero sin un consentimiento previo de su parte.<\/p>\n<p>Como nuestro cliente tiene derecho de acceder, rectificar y cancelar sus datos personales, de la misma manera podr\u00e1 oponerse al tratamiento de estos o revocar el consentimiento que para tal fin nos haya otorgado, a trav\u00e9s de los procedimientos previstos en la Ley Federal de Protecci\u00f3n de Datos Personales en Posesi\u00f3n de los Particulares (LFPDPPP). Para conocer dichos procedimientos, los requisitos y plazos, se puede poner en contacto con el facilitador de protecci\u00f3n de datos personales por cuenta del responsable de este portal www.limpiezaescarlata.com es: Sandra Ver\u00f3nica Victoria Hilario. Los usuarios titulares de datos personales podr\u00e1n ejercitar los derechos ARCO (acceso, rectificaci\u00f3n, cancelaci\u00f3n y oposici\u00f3n), enviando directamente su solicitud al responsable de los datos personales a trav\u00e9s de la cuenta de correo electr\u00f3nico contacto@limpiezaescarlata.com Dicha solicitud deber\u00e1 contener: nombre y domicilio u otro medio para comunicarle la respuesta a su solicitud; los documentos que acrediten la identidad o, en su caso, la representaci\u00f3n legal; la descripci\u00f3n clara y precisa de los datos personales respecto de los que se busca ejercer alguno de los derechos ARCO y cualquier otro elemento que facilite la localizaci\u00f3n de los datos personales.<\/p>\n<p>En t\u00e9rminos de la Ley, a partir del 06 de enero del 2012, usted podr\u00eda presentarnos una solicitud para ejercer sus derechos ARCO; y dentro de 15 d\u00edas siguientes a la fecha Servicios de Limpieza Luna Escarlata S.A. de C.V. dar\u00e1 respuesta a su solicitud o; si transcurrido el t\u00e9rmino que se\u00f1ala la Ley, no se diera respuesta a su solicitud, entonces podr\u00e1 iniciar el procedimiento de protecci\u00f3n de derechos ARCO ante el Instituto Federal de Acceso a la Informaci\u00f3n y Protecci\u00f3n a Datos Personales (IFAI), para mayor informaci\u00f3n visite www.ifai.org.mx<\/p>\n<p>Cualquier modificaci\u00f3n de este aviso podr\u00e1 consultar en nuestro portal, www.limpiezaescarlata.com De acuerdo a lo y descrito nos reservamos el derecho de realizar en cualquier momento modificaciones o actualizaciones al presente aviso de privacidad, para la atenci\u00f3n de novedades legislativas, pol\u00edticas internas o nuevos requerimientos para la prestaci\u00f3n u ofrecimiento de nuestros servicios. Estas modificaciones estar\u00e1n disponibles al p\u00fablico a trav\u00e9s de nuestro portal&nbsp; www.limpiezaescarlata.com (secci\u00f3n aviso de privacidad); o se las haremos llegar al \u00faltimo correo electr\u00f3nico que nos haya proporcionado.<\/p>\n<p>Este Aviso de Privacidad cumple con los requisitos que marca la Ley (art. 15 y 16).<\/p>\n<p>Fecha \u00faltima actualizaci\u00f3n 21 de septiembre del 2021.<\/p>\n<\/div>\n<\/div>\n<\/div>\t\t\t\t\t\t\t\t<\/div>\n\t\t\t\t<\/div>\n\t\t\t\t\t<\/div>\n\t\t<\/div>\n\t\t\t\t\t<\/div>\n\t\t<\/section>\n\t\t\t\t<\/div>\n\t\t","protected":false},"excerpt":{"rendered":"<p>AVISO DE PRIVACIDAD &nbsp; Servicios de Limpieza Luna Escarlata S.A. de C.V., con domicilio: Paseo Hacienda de Echegaray #40,&nbsp; Colonia bosques de Echegaray, Naucalpan de Ju\u00e1rez, Edo. M\u00e9xico, CP. 53310, ser\u00e1 responsable de los datos personales recabados, as\u00ed como su protecci\u00f3n y el uso que se le d\u00e9. Esta informaci\u00f3n ser\u00e1 utilizada para proveer los [&hellip;]<\/p>\n","protected":false},"author":1,"featured_media":0,"parent":0,"menu_order":0,"comment_status":"closed","ping_status":"closed","template":"","meta":{"site-sidebar-layout":"no-sidebar","site-content-layout":"page-builder","ast-site-content-layout":"default","site-content-style":"default","site-sidebar-style":"default","ast-global-header-display":"","ast-banner-title-visibility":"","ast-main-header-display":"","ast-hfb-above-header-display":"","ast-hfb-below-header-display":"","ast-hfb-mobile-header-display":"","site-post-title":"disabled","ast-breadcrumbs-content":"","ast-featured-img":"disabled","footer-sml-layout":"","ast-disable-related-posts":"","theme-transparent-header-meta":"default","adv-header-id-meta":"","stick-header-meta":"","header-above-stick-meta":"","header-main-stick-meta":"","header-below-stick-meta":"","astra-migrate-meta-layouts":"default","ast-page-background-enabled":"default","ast-page-background-meta":{"desktop":{"background-color":"","background-image":"","background-repeat":"repeat","background-position":"center center","background-size":"auto","background-attachment":"scroll","background-type":"","background-media":"","overlay-type":"","overlay-color":"","overlay-opacity":"","overlay-gradient":""},"tablet":{"background-color":"","background-image":"","background-repeat":"repeat","background-position":"center center","background-size":"auto","background-attachment":"scroll","background-type":"","background-media":"","overlay-type":"","overlay-color":"","overlay-opacity":"","overlay-gradient":""},"mobile":{"background-color":"","background-image":"","background-repeat":"repeat","background-position":"center center","background-size":"auto","background-attachment":"scroll","background-type":"","background-media":"","overlay-type":"","overlay-color":"","overlay-opacity":"","overlay-gradient":""}},"ast-content-background-meta":{"desktop":{"background-color":"var(--ast-global-color-5)","background-image":"","background-repeat":"repeat","background-position":"center center","background-size":"auto","background-attachment":"scroll","background-type":"","background-media":"","overlay-type":"","overlay-color":"","overlay-opacity":"","overlay-gradient":""},"tablet":{"background-color":"var(--ast-global-color-5)","background-image":"","background-repeat":"repeat","background-position":"center center","background-size":"auto","background-attachment":"scroll","background-type":"","background-media":"","overlay-type":"","overlay-color":"","overlay-opacity":"","overlay-gradient":""},"mobile":{"background-color":"var(--ast-global-color-5)","background-image":"","background-repeat":"repeat","background-position":"center center","background-size":"auto","background-attachment":"scroll","background-type":"","background-media":"","overlay-type":"","overlay-color":"","overlay-opacity":"","overlay-gradient":""}},"footnotes":""},"class_list":["post-95","page","type-page","status-publish","hentry"],"yoast_head":"<!-- This site is optimized with the Yoast SEO plugin v27.3 - https:\/\/yoast.com\/product\/yoast-seo-wordpress\/ -->\n<title>Aviso de Privacidad - LUNA ESCARLATA<\/title>\n<meta name=\"robots\" content=\"index, follow, max-snippet:-1, max-image-preview:large, max-video-preview:-1\" \/>\n<link rel=\"canonical\" href=\"https:\/\/limpiezaescarlata.com\/?page_id=95\" \/>\n<meta property=\"og:locale\" content=\"es_MX\" \/>\n<meta property=\"og:type\" content=\"article\" \/>\n<meta property=\"og:title\" content=\"Aviso de Privacidad - LUNA ESCARLATA\" \/>\n<meta property=\"og:description\" content=\"AVISO DE PRIVACIDAD &nbsp; Servicios de Limpieza Luna Escarlata S.A. de C.V., con domicilio: Paseo Hacienda de Echegaray #40,&nbsp; Colonia bosques de Echegaray, Naucalpan de Ju\u00e1rez, Edo. M\u00e9xico, CP. 53310, ser\u00e1 responsable de los datos personales recabados, as\u00ed como su protecci\u00f3n y el uso que se le d\u00e9. Esta informaci\u00f3n ser\u00e1 utilizada para proveer los [&hellip;]\" \/>\n<meta property=\"og:url\" content=\"https:\/\/limpiezaescarlata.com\/?page_id=95\" \/>\n<meta property=\"og:site_name\" content=\"LUNA ESCARLATA\" \/>\n<meta property=\"article:publisher\" content=\"https:\/\/www.facebook.com\/LIMPIEZAESCARLATA\/\" \/>\n<meta property=\"article:modified_time\" content=\"2021-09-21T23:02:53+00:00\" \/>\n<meta name=\"twitter:card\" content=\"summary_large_image\" \/>\n<meta name=\"twitter:label1\" content=\"Tiempo de lectura\" \/>\n\t<meta name=\"twitter:data1\" content=\"7 minutos\" \/>\n<script type=\"application\/ld+json\" class=\"yoast-schema-graph\">{\"@context\":\"https:\\\/\\\/schema.org\",\"@graph\":[{\"@type\":\"WebPage\",\"@id\":\"https:\\\/\\\/limpiezaescarlata.com\\\/?page_id=95\",\"url\":\"https:\\\/\\\/limpiezaescarlata.com\\\/?page_id=95\",\"name\":\"Aviso de Privacidad - LUNA ESCARLATA\",\"isPartOf\":{\"@id\":\"https:\\\/\\\/limpiezaescarlata.com\\\/#website\"},\"datePublished\":\"2020-06-23T16:12:43+00:00\",\"dateModified\":\"2021-09-21T23:02:53+00:00\",\"breadcrumb\":{\"@id\":\"https:\\\/\\\/limpiezaescarlata.com\\\/?page_id=95#breadcrumb\"},\"inLanguage\":\"es\",\"potentialAction\":[{\"@type\":\"ReadAction\",\"target\":[\"https:\\\/\\\/limpiezaescarlata.com\\\/?page_id=95\"]}]},{\"@type\":\"BreadcrumbList\",\"@id\":\"https:\\\/\\\/limpiezaescarlata.com\\\/?page_id=95#breadcrumb\",\"itemListElement\":[{\"@type\":\"ListItem\",\"position\":1,\"name\":\"Inicio\",\"item\":\"https:\\\/\\\/limpiezaescarlata.com\\\/\"},{\"@type\":\"ListItem\",\"position\":2,\"name\":\"Aviso de Privacidad\"}]},{\"@type\":\"WebSite\",\"@id\":\"https:\\\/\\\/limpiezaescarlata.com\\\/#website\",\"url\":\"https:\\\/\\\/limpiezaescarlata.com\\\/\",\"name\":\"LUNA ESCARLATA\",\"description\":\"Servicios de limpieza\",\"publisher\":{\"@id\":\"https:\\\/\\\/limpiezaescarlata.com\\\/#organization\"},\"potentialAction\":[{\"@type\":\"SearchAction\",\"target\":{\"@type\":\"EntryPoint\",\"urlTemplate\":\"https:\\\/\\\/limpiezaescarlata.com\\\/?s={search_term_string}\"},\"query-input\":{\"@type\":\"PropertyValueSpecification\",\"valueRequired\":true,\"valueName\":\"search_term_string\"}}],\"inLanguage\":\"es\"},{\"@type\":\"Organization\",\"@id\":\"https:\\\/\\\/limpiezaescarlata.com\\\/#organization\",\"name\":\"LUNA ESCARLATA\",\"url\":\"https:\\\/\\\/limpiezaescarlata.com\\\/\",\"logo\":{\"@type\":\"ImageObject\",\"inLanguage\":\"es\",\"@id\":\"https:\\\/\\\/limpiezaescarlata.com\\\/#\\\/schema\\\/logo\\\/image\\\/\",\"url\":\"https:\\\/\\\/limpiezaescarlata.com\\\/wp-content\\\/uploads\\\/2020\\\/06\\\/cropped-luna-esmeralda-pepe.png\",\"contentUrl\":\"https:\\\/\\\/limpiezaescarlata.com\\\/wp-content\\\/uploads\\\/2020\\\/06\\\/cropped-luna-esmeralda-pepe.png\",\"width\":763,\"height\":510,\"caption\":\"LUNA ESCARLATA\"},\"image\":{\"@id\":\"https:\\\/\\\/limpiezaescarlata.com\\\/#\\\/schema\\\/logo\\\/image\\\/\"},\"sameAs\":[\"https:\\\/\\\/www.facebook.com\\\/LIMPIEZAESCARLATA\\\/\",\"https:\\\/\\\/www.instagram.com\\\/limpieza_escarlata\\\/\"]}]}<\/script>\n<!-- \/ Yoast SEO plugin. -->","yoast_head_json":{"title":"Aviso de Privacidad - LUNA ESCARLATA","robots":{"index":"index","follow":"follow","max-snippet":"max-snippet:-1","max-image-preview":"max-image-preview:large","max-video-preview":"max-video-preview:-1"},"canonical":"https:\/\/limpiezaescarlata.com\/?page_id=95","og_locale":"es_MX","og_type":"article","og_title":"Aviso de Privacidad - LUNA ESCARLATA","og_description":"AVISO DE PRIVACIDAD &nbsp; Servicios de Limpieza Luna Escarlata S.A. de C.V., con domicilio: Paseo Hacienda de Echegaray #40,&nbsp; Colonia bosques de Echegaray, Naucalpan de Ju\u00e1rez, Edo. M\u00e9xico, CP. 53310, ser\u00e1 responsable de los datos personales recabados, as\u00ed como su protecci\u00f3n y el uso que se le d\u00e9. Esta informaci\u00f3n ser\u00e1 utilizada para proveer los [&hellip;]","og_url":"https:\/\/limpiezaescarlata.com\/?page_id=95","og_site_name":"LUNA ESCARLATA","article_publisher":"https:\/\/www.facebook.com\/LIMPIEZAESCARLATA\/","article_modified_time":"2021-09-21T23:02:53+00:00","twitter_card":"summary_large_image","twitter_misc":{"Tiempo de lectura":"7 minutos"},"schema":{"@context":"https:\/\/schema.org","@graph":[{"@type":"WebPage","@id":"https:\/\/limpiezaescarlata.com\/?page_id=95","url":"https:\/\/limpiezaescarlata.com\/?page_id=95","name":"Aviso de Privacidad - LUNA ESCARLATA","isPartOf":{"@id":"https:\/\/limpiezaescarlata.com\/#website"},"datePublished":"2020-06-23T16:12:43+00:00","dateModified":"2021-09-21T23:02:53+00:00","breadcrumb":{"@id":"https:\/\/limpiezaescarlata.com\/?page_id=95#breadcrumb"},"inLanguage":"es","potentialAction":[{"@type":"ReadAction","target":["https:\/\/limpiezaescarlata.com\/?page_id=95"]}]},{"@type":"BreadcrumbList","@id":"https:\/\/limpiezaescarlata.com\/?page_id=95#breadcrumb","itemListElement":[{"@type":"ListItem","position":1,"name":"Inicio","item":"https:\/\/limpiezaescarlata.com\/"},{"@type":"ListItem","position":2,"name":"Aviso de Privacidad"}]},{"@type":"WebSite","@id":"https:\/\/limpiezaescarlata.com\/#website","url":"https:\/\/limpiezaescarlata.com\/","name":"LUNA ESCARLATA","description":"Servicios de limpieza","publisher":{"@id":"https:\/\/limpiezaescarlata.com\/#organization"},"potentialAction":[{"@type":"SearchAction","target":{"@type":"EntryPoint","urlTemplate":"https:\/\/limpiezaescarlata.com\/?s={search_term_string}"},"query-input":{"@type":"PropertyValueSpecification","valueRequired":true,"valueName":"search_term_string"}}],"inLanguage":"es"},{"@type":"Organization","@id":"https:\/\/limpiezaescarlata.com\/#organization","name":"LUNA ESCARLATA","url":"https:\/\/limpiezaescarlata.com\/","logo":{"@type":"ImageObject","inLanguage":"es","@id":"https:\/\/limpiezaescarlata.com\/#\/schema\/logo\/image\/","url":"https:\/\/limpiezaescarlata.com\/wp-content\/uploads\/2020\/06\/cropped-luna-esmeralda-pepe.png","contentUrl":"https:\/\/limpiezaescarlata.com\/wp-content\/uploads\/2020\/06\/cropped-luna-esmeralda-pepe.png","width":763,"height":510,"caption":"LUNA ESCARLATA"},"image":{"@id":"https:\/\/limpiezaescarlata.com\/#\/schema\/logo\/image\/"},"sameAs":["https:\/\/www.facebook.com\/LIMPIEZAESCARLATA\/","https:\/\/www.instagram.com\/limpieza_escarlata\/"]}]}},"_links":{"self":[{"href":"https:\/\/limpiezaescarlata.com\/index.php?rest_route=\/wp\/v2\/pages\/95","targetHints":{"allow":["GET"]}}],"collection":[{"href":"https:\/\/limpiezaescarlata.com\/index.php?rest_route=\/wp\/v2\/pages"}],"about":[{"href":"https:\/\/limpiezaescarlata.com\/index.php?rest_route=\/wp\/v2\/types\/page"}],"author":[{"embeddable":true,"href":"https:\/\/limpiezaescarlata.com\/index.php?rest_route=\/wp\/v2\/users\/1"}],"replies":[{"embeddable":true,"href":"https:\/\/limpiezaescarlata.com\/index.php?rest_route=%2Fwp%2Fv2%2Fcomments&post=95"}],"version-history":[{"count":7,"href":"https:\/\/limpiezaescarlata.com\/index.php?rest_route=\/wp\/v2\/pages\/95\/revisions"}],"predecessor-version":[{"id":682,"href":"https:\/\/limpiezaescarlata.com\/index.php?rest_route=\/wp\/v2\/pages\/95\/revisions\/682"}],"wp:attachment":[{"href":"https:\/\/limpiezaescarlata.com\/index.php?rest_route=%2Fwp%2Fv2%2Fmedia&parent=95"}],"curies":[{"name":"wp","href":"https:\/\/api.w.org\/{rel}","templated":true}]}}